{"id":88,"date":"2021-10-14T13:01:47","date_gmt":"2021-10-14T11:01:47","guid":{"rendered":"https:\/\/attrezzature.andreanigroup.com\/?post_type=product&#038;p=88"},"modified":"2022-10-05T16:19:43","modified_gmt":"2022-10-05T14:19:43","slug":"pompa-spurgo-sp2","status":"publish","type":"product","link":"https:\/\/attrezzature.andreanigroup.com\/en\/prodotto\/pompa-spurgo-sp2\/","title":{"rendered":"POMPA SPURGO SP2"},"content":{"rendered":"<h3>L\u2019SP2 \u00e8 tra i primi macchinari progettati e venduti dall\u2019Andreani Group. Facilmente trasportabile ed estremamente funzionale, questo \u00e8 un tool indispensabile per chiunque voglia lavorare sulle sospensioni.<\/h3>\n<p>Questo tool consente di eseguire in maniera manuale lo spurgo, ossia l\u2019aspirazione e la successiva iniezione di olio privo di qualsiasi residuo o bolla di aria all\u2019interno dell\u2019ammortizzatore, in modo rapido e preciso. Essendo lo spurgo una procedura di primaria importanza per il perfetto funzionamento della sospensione, l\u2019SP2 \u2013 ottimizzando i tempi di lavoro e riducendo i margini di errore \u2013 \u00e8 un attrezzo che da un valore aggiunto a ogni officina.<\/p>\n<p>&nbsp;<\/p>\n<h5>COME FUNZIONA LA POMPA SPURGO SP2<\/h5>\n<h3>Con i suoi due piccoli serbatoi da 1 e 1,5l, l\u2019SP2 permette\u00a0di utilizzare due tipi di olio o di raccogliere l\u2019olio esausto senza dover aprire l\u2019ammortizzatore.<\/h3>\n<p>Questo tool permette di spurgare gli ammortizzatori mediante i comandi posti sulla parte frontale della macchina. Esso presenta inoltre due manometri utili, rispettivamente, a verificare il vuoto all\u2019interno del mono (vacuometro) e\u00a0la pressione dell\u2019olio.\u00a0Una volta collegato l\u2019ammortizzatore e accesa la macchina, attivando lo\u00a0switch vacuum\u00a0si avvia la procedura di \u201cvuoto\u201d, ossia l\u2019aspirazione di ogni residuo di aria dall\u2019interno dell\u2019ammortizzatore. Attivando lo\u00a0switch pressure\u00a0si avvia\u00a0invece la procedura di riempimento dell\u2019ammortizzatore di olio, la cui pressione pu\u00f2 essere monitorata attraverso l\u2019apposito manometro.<\/p>\n","protected":false},"excerpt":{"rendered":"<p>Nell\u2019attuale gamma di pompe spurgo, l\u2019SP2 \u00e8 la pi\u00f9 economica e compatta. Grazie alle due maniglie poste lateralmente, \u00e8 inoltre la pi\u00f9 idonea a essere trasportata e\/o usata per l\u2019assistenza in pista o sui campi gara. Terminato in pochi minuti lo spurgo dell\u2019ammortizzatore, infatti, il tecnico non dovr\u00e0 fare altro che regolare il livello del separatore (o riportare il bladder in posizione distesa) e gonfiare il mono con la corretta pressione di azoto.<\/p>\n","protected":false},"featured_media":7741,"template":"","meta":{"_acf_changed":false},"product_brand":[],"product_cat":[26],"product_tag":[],"class_list":{"0":"post-88","1":"product","2":"type-product","3":"status-publish","4":"has-post-thumbnail","6":"product_cat-attrezzatura-officina","8":"first","9":"instock","10":"taxable","11":"shipping-taxable","12":"product-type-simple"},"acf":[],"yoast_head":"<!-- This site is optimized with the Yoast SEO plugin v27.0 - https:\/\/yoast.com\/product\/yoast-seo-wordpress\/ -->\n<title>POMPA SPURGO SP2 - Attrezzature Andreani<\/title>\n<meta name=\"robots\" content=\"index, follow, max-snippet:-1, max-image-preview:large, max-video-preview:-1\" \/>\n<link rel=\"canonical\" href=\"https:\/\/attrezzature.andreanigroup.com\/en\/prodotto\/pompa-spurgo-sp2\/\" \/>\n<meta property=\"og:locale\" content=\"en_US\" \/>\n<meta property=\"og:type\" content=\"article\" \/>\n<meta property=\"og:title\" content=\"POMPA SPURGO SP2 - Attrezzature Andreani\" \/>\n<meta property=\"og:description\" content=\"Nell\u2019attuale gamma di pompe spurgo, l\u2019SP2 \u00e8 la pi\u00f9 economica e compatta. Grazie alle due maniglie poste lateralmente, \u00e8 inoltre la pi\u00f9 idonea a essere trasportata e\/o usata per l\u2019assistenza in pista o sui campi gara. Terminato in pochi minuti lo spurgo dell\u2019ammortizzatore, infatti, il tecnico non dovr\u00e0 fare altro che regolare il livello del separatore (o riportare il bladder in posizione distesa) e gonfiare il mono con la corretta pressione di azoto.\" \/>\n<meta property=\"og:url\" content=\"https:\/\/attrezzature.andreanigroup.com\/en\/prodotto\/pompa-spurgo-sp2\/\" \/>\n<meta property=\"og:site_name\" content=\"Attrezzature Andreani\" \/>\n<meta property=\"article:modified_time\" content=\"2022-10-05T14:19:43+00:00\" \/>\n<meta property=\"og:image\" content=\"https:\/\/attrezzature.andreanigroup.com\/wp-content\/uploads\/2021\/10\/SP2.jpg\" \/>\n\t<meta property=\"og:image:width\" content=\"600\" \/>\n\t<meta property=\"og:image:height\" content=\"600\" \/>\n\t<meta property=\"og:image:type\" content=\"image\/jpeg\" \/>\n<meta name=\"twitter:card\" content=\"summary_large_image\" \/>\n<meta name=\"twitter:label1\" content=\"Est. reading time\" \/>\n\t<meta name=\"twitter:data1\" content=\"1 minute\" \/>\n<script type=\"application\/ld+json\" class=\"yoast-schema-graph\">{\"@context\":\"https:\/\/schema.org\",\"@graph\":[{\"@type\":\"WebPage\",\"@id\":\"https:\/\/attrezzature.andreanigroup.com\/en\/prodotto\/pompa-spurgo-sp2\/\",\"url\":\"https:\/\/attrezzature.andreanigroup.com\/en\/prodotto\/pompa-spurgo-sp2\/\",\"name\":\"POMPA SPURGO SP2 - Attrezzature Andreani\",\"isPartOf\":{\"@id\":\"https:\/\/attrezzature.andreanigroup.com\/en\/#website\"},\"primaryImageOfPage\":{\"@id\":\"https:\/\/attrezzature.andreanigroup.com\/en\/prodotto\/pompa-spurgo-sp2\/#primaryimage\"},\"image\":{\"@id\":\"https:\/\/attrezzature.andreanigroup.com\/en\/prodotto\/pompa-spurgo-sp2\/#primaryimage\"},\"thumbnailUrl\":\"https:\/\/attrezzature.andreanigroup.com\/wp-content\/uploads\/2021\/10\/SP2.jpg\",\"datePublished\":\"2021-10-14T11:01:47+00:00\",\"dateModified\":\"2022-10-05T14:19:43+00:00\",\"breadcrumb\":{\"@id\":\"https:\/\/attrezzature.andreanigroup.com\/en\/prodotto\/pompa-spurgo-sp2\/#breadcrumb\"},\"inLanguage\":\"en-US\",\"potentialAction\":[{\"@type\":\"ReadAction\",\"target\":[\"https:\/\/attrezzature.andreanigroup.com\/en\/prodotto\/pompa-spurgo-sp2\/\"]}]},{\"@type\":\"ImageObject\",\"inLanguage\":\"en-US\",\"@id\":\"https:\/\/attrezzature.andreanigroup.com\/en\/prodotto\/pompa-spurgo-sp2\/#primaryimage\",\"url\":\"https:\/\/attrezzature.andreanigroup.com\/wp-content\/uploads\/2021\/10\/SP2.jpg\",\"contentUrl\":\"https:\/\/attrezzature.andreanigroup.com\/wp-content\/uploads\/2021\/10\/SP2.jpg\",\"width\":600,\"height\":600},{\"@type\":\"BreadcrumbList\",\"@id\":\"https:\/\/attrezzature.andreanigroup.com\/en\/prodotto\/pompa-spurgo-sp2\/#breadcrumb\",\"itemListElement\":[{\"@type\":\"ListItem\",\"position\":1,\"name\":\"Home\",\"item\":\"https:\/\/attrezzature.andreanigroup.com\/en\/\"},{\"@type\":\"ListItem\",\"position\":2,\"name\":\"Shop\",\"item\":\"https:\/\/attrezzature.andreanigroup.com\/en\/shop\/\"},{\"@type\":\"ListItem\",\"position\":3,\"name\":\"POMPA SPURGO SP2\"}]},{\"@type\":\"WebSite\",\"@id\":\"https:\/\/attrezzature.andreanigroup.com\/en\/#website\",\"url\":\"https:\/\/attrezzature.andreanigroup.com\/en\/\",\"name\":\"Attrezzature Andreani\",\"description\":\"\",\"potentialAction\":[{\"@type\":\"SearchAction\",\"target\":{\"@type\":\"EntryPoint\",\"urlTemplate\":\"https:\/\/attrezzature.andreanigroup.com\/en\/?s={search_term_string}\"},\"query-input\":{\"@type\":\"PropertyValueSpecification\",\"valueRequired\":true,\"valueName\":\"search_term_string\"}}],\"inLanguage\":\"en-US\"}]}<\/script>\n<!-- \/ Yoast SEO plugin. -->","yoast_head_json":{"title":"POMPA SPURGO SP2 - Attrezzature Andreani","robots":{"index":"index","follow":"follow","max-snippet":"max-snippet:-1","max-image-preview":"max-image-preview:large","max-video-preview":"max-video-preview:-1"},"canonical":"https:\/\/attrezzature.andreanigroup.com\/en\/prodotto\/pompa-spurgo-sp2\/","og_locale":"en_US","og_type":"article","og_title":"POMPA SPURGO SP2 - Attrezzature Andreani","og_description":"Nell\u2019attuale gamma di pompe spurgo, l\u2019SP2 \u00e8 la pi\u00f9 economica e compatta. Grazie alle due maniglie poste lateralmente, \u00e8 inoltre la pi\u00f9 idonea a essere trasportata e\/o usata per l\u2019assistenza in pista o sui campi gara. Terminato in pochi minuti lo spurgo dell\u2019ammortizzatore, infatti, il tecnico non dovr\u00e0 fare altro che regolare il livello del separatore (o riportare il bladder in posizione distesa) e gonfiare il mono con la corretta pressione di azoto.","og_url":"https:\/\/attrezzature.andreanigroup.com\/en\/prodotto\/pompa-spurgo-sp2\/","og_site_name":"Attrezzature Andreani","article_modified_time":"2022-10-05T14:19:43+00:00","og_image":[{"width":600,"height":600,"url":"https:\/\/attrezzature.andreanigroup.com\/wp-content\/uploads\/2021\/10\/SP2.jpg","type":"image\/jpeg"}],"twitter_card":"summary_large_image","twitter_misc":{"Est. reading time":"1 minute"},"schema":{"@context":"https:\/\/schema.org","@graph":[{"@type":"WebPage","@id":"https:\/\/attrezzature.andreanigroup.com\/en\/prodotto\/pompa-spurgo-sp2\/","url":"https:\/\/attrezzature.andreanigroup.com\/en\/prodotto\/pompa-spurgo-sp2\/","name":"POMPA SPURGO SP2 - Attrezzature Andreani","isPartOf":{"@id":"https:\/\/attrezzature.andreanigroup.com\/en\/#website"},"primaryImageOfPage":{"@id":"https:\/\/attrezzature.andreanigroup.com\/en\/prodotto\/pompa-spurgo-sp2\/#primaryimage"},"image":{"@id":"https:\/\/attrezzature.andreanigroup.com\/en\/prodotto\/pompa-spurgo-sp2\/#primaryimage"},"thumbnailUrl":"https:\/\/attrezzature.andreanigroup.com\/wp-content\/uploads\/2021\/10\/SP2.jpg","datePublished":"2021-10-14T11:01:47+00:00","dateModified":"2022-10-05T14:19:43+00:00","breadcrumb":{"@id":"https:\/\/attrezzature.andreanigroup.com\/en\/prodotto\/pompa-spurgo-sp2\/#breadcrumb"},"inLanguage":"en-US","potentialAction":[{"@type":"ReadAction","target":["https:\/\/attrezzature.andreanigroup.com\/en\/prodotto\/pompa-spurgo-sp2\/"]}]},{"@type":"ImageObject","inLanguage":"en-US","@id":"https:\/\/attrezzature.andreanigroup.com\/en\/prodotto\/pompa-spurgo-sp2\/#primaryimage","url":"https:\/\/attrezzature.andreanigroup.com\/wp-content\/uploads\/2021\/10\/SP2.jpg","contentUrl":"https:\/\/attrezzature.andreanigroup.com\/wp-content\/uploads\/2021\/10\/SP2.jpg","width":600,"height":600},{"@type":"BreadcrumbList","@id":"https:\/\/attrezzature.andreanigroup.com\/en\/prodotto\/pompa-spurgo-sp2\/#breadcrumb","itemListElement":[{"@type":"ListItem","position":1,"name":"Home","item":"https:\/\/attrezzature.andreanigroup.com\/en\/"},{"@type":"ListItem","position":2,"name":"Shop","item":"https:\/\/attrezzature.andreanigroup.com\/en\/shop\/"},{"@type":"ListItem","position":3,"name":"POMPA SPURGO SP2"}]},{"@type":"WebSite","@id":"https:\/\/attrezzature.andreanigroup.com\/en\/#website","url":"https:\/\/attrezzature.andreanigroup.com\/en\/","name":"Attrezzature Andreani","description":"","potentialAction":[{"@type":"SearchAction","target":{"@type":"EntryPoint","urlTemplate":"https:\/\/attrezzature.andreanigroup.com\/en\/?s={search_term_string}"},"query-input":{"@type":"PropertyValueSpecification","valueRequired":true,"valueName":"search_term_string"}}],"inLanguage":"en-US"}]}},"_links":{"self":[{"href":"https:\/\/attrezzature.andreanigroup.com\/en\/wp-json\/wp\/v2\/product\/88","targetHints":{"allow":["GET"]}}],"collection":[{"href":"https:\/\/attrezzature.andreanigroup.com\/en\/wp-json\/wp\/v2\/product"}],"about":[{"href":"https:\/\/attrezzature.andreanigroup.com\/en\/wp-json\/wp\/v2\/types\/product"}],"wp:featuredmedia":[{"embeddable":true,"href":"https:\/\/attrezzature.andreanigroup.com\/en\/wp-json\/wp\/v2\/media\/7741"}],"wp:attachment":[{"href":"https:\/\/attrezzature.andreanigroup.com\/en\/wp-json\/wp\/v2\/media?parent=88"}],"wp:term":[{"taxonomy":"product_brand","embeddable":true,"href":"https:\/\/attrezzature.andreanigroup.com\/en\/wp-json\/wp\/v2\/product_brand?post=88"},{"taxonomy":"product_cat","embeddable":true,"href":"https:\/\/attrezzature.andreanigroup.com\/en\/wp-json\/wp\/v2\/product_cat?post=88"},{"taxonomy":"product_tag","embeddable":true,"href":"https:\/\/attrezzature.andreanigroup.com\/en\/wp-json\/wp\/v2\/product_tag?post=88"}],"curies":[{"name":"wp","href":"https:\/\/api.w.org\/{rel}","templated":true}]}}