{"id":5449,"date":"2022-09-07T15:28:30","date_gmt":"2022-09-07T13:28:30","guid":{"rendered":"https:\/\/attrezzature.andreanigroup.com\/prodotto\/tester-provamolle-mod-2019\/"},"modified":"2026-01-21T00:25:04","modified_gmt":"2026-01-20T23:25:04","slug":"tester-provamolle-mod-2019","status":"publish","type":"product","link":"https:\/\/attrezzature.andreanigroup.com\/en\/prodotto\/tester-provamolle-mod-2019\/","title":{"rendered":"TESTER PROVAMOLLE mod.2019 &#8211;"},"content":{"rendered":"<div>Tra i \u201cmust have\u201d di qualsiasi officina, il DS1 \u00e8 un tool indispensabile per misurare la spinta elastica o statica sprigionata dalle sospensioni o dai singoli componenti in esse presenti.<\/div>\n<div>Utilizzando questo macchinario, l\u2019utente non sar\u00e0 semplicemente in grado di determinare il carico (K) di una molla, ma avr\u00e0 a disposizione una lettura precisa della spinta da essa sprigionata lungo tutta la sua escursione. Grazie alla sua cella di carico interna di 10.000N di potenza, al suo sempre aggiornato software, al suo pistone pneumatico, alla possibilit\u00e0 di coprire 350mm massimi di escursione (permettendo cos\u00ec di caratterizzare tutte le sospensioni presenti sul mercato), il DS1 \u00e8 in grado di elaborare dati e grafici della progressione e della spinta sprigionata dalle nostre sospensioni a ogni millimetro di schiacciamento.<br \/>\nIl nome \u201cpesa molle\u201d con cui viene solitamente identificato questo tool non deve trarre in inganno; il DS1, infatti, \u00e8 in grado di caratterizzare qualsiasi componente presente nelle sospensioni e che eserciti una forza relativa allo schiacciamento, indipendentemente dalla velocit\u00e0 dello schiacciamento stesso. La lista di applicazioni del DS1 \u00e8 pertanto variegatissima, consentendo di misurare \u2013 oltre appunto alla forza sviluppata dalle molle, sia mono che forcella (fino ad ora tipicamente pi\u00f9 difficili da misurare in ragione della loro lunghezza e corsa), di moto stradali, da piste e da fuoristrada \u2013 la forza generata dalla quantit\u00e0 di olio presente nelle forcelle, la forza e l\u2019andamento derivante dalla pressione nelle sospensioni ad aria, la forza e l\u2019andamento sviluppato da tamponi di finecorsa, l\u2019impatto esercitato dalla presenza di una contromolla, la forza risultante di un sistema di molle che lavorano in serie, e cos\u00ec via.<\/div>\n","protected":false},"excerpt":{"rendered":"<p>Tra i \u201cmust have\u201d di qualsiasi officina, il DS1 \u00e8 un tool indispensabile per misurare la spinta elastica o statica sprigionata dalle sospensioni o dai singoli componenti in esse presenti. Utilizzando questo macchinario, l\u2019utente non sar\u00e0 semplicemente in grado di determinare il carico (K) di una molla, ma avr\u00e0 a disposizione una lettura precisa della [&hellip;]<\/p>\n","protected":false},"featured_media":25214,"template":"","meta":{"_acf_changed":false},"product_brand":[],"product_cat":[33],"product_tag":[],"class_list":{"0":"post-5449","1":"product","2":"type-product","3":"status-publish","4":"has-post-thumbnail","6":"product_cat-tools-universale","8":"first","9":"instock","10":"taxable","11":"shipping-taxable","12":"purchasable","13":"product-type-simple"},"acf":[],"yoast_head":"<!-- This site is optimized with the Yoast SEO plugin v27.0 - https:\/\/yoast.com\/product\/yoast-seo-wordpress\/ -->\n<title>TESTER PROVAMOLLE mod.2019 - Attrezzature Andreani<\/title>\n<meta name=\"robots\" content=\"index, follow, max-snippet:-1, max-image-preview:large, max-video-preview:-1\" \/>\n<link rel=\"canonical\" href=\"https:\/\/attrezzature.andreanigroup.com\/en\/prodotto\/tester-provamolle-mod-2019\/\" \/>\n<meta property=\"og:locale\" content=\"en_US\" \/>\n<meta property=\"og:type\" content=\"article\" \/>\n<meta property=\"og:title\" content=\"TESTER PROVAMOLLE mod.2019 - Attrezzature Andreani\" \/>\n<meta property=\"og:description\" content=\"Tra i \u201cmust have\u201d di qualsiasi officina, il DS1 \u00e8 un tool indispensabile per misurare la spinta elastica o statica sprigionata dalle sospensioni o dai singoli componenti in esse presenti. Utilizzando questo macchinario, l\u2019utente non sar\u00e0 semplicemente in grado di determinare il carico (K) di una molla, ma avr\u00e0 a disposizione una lettura precisa della [&hellip;]\" \/>\n<meta property=\"og:url\" content=\"https:\/\/attrezzature.andreanigroup.com\/en\/prodotto\/tester-provamolle-mod-2019\/\" \/>\n<meta property=\"og:site_name\" content=\"Attrezzature Andreani\" \/>\n<meta property=\"article:modified_time\" content=\"2026-01-20T23:25:04+00:00\" \/>\n<meta property=\"og:image\" content=\"https:\/\/attrezzature.andreanigroup.com\/wp-content\/uploads\/2024\/07\/04.U20.1002DS1-1.jpg\" \/>\n\t<meta property=\"og:image:width\" content=\"960\" \/>\n\t<meta property=\"og:image:height\" content=\"1442\" \/>\n\t<meta property=\"og:image:type\" content=\"image\/jpeg\" \/>\n<meta name=\"twitter:card\" content=\"summary_large_image\" \/>\n<meta name=\"twitter:label1\" content=\"Est. reading time\" \/>\n\t<meta name=\"twitter:data1\" content=\"1 minute\" \/>\n<script type=\"application\/ld+json\" class=\"yoast-schema-graph\">{\"@context\":\"https:\/\/schema.org\",\"@graph\":[{\"@type\":\"WebPage\",\"@id\":\"https:\/\/attrezzature.andreanigroup.com\/en\/prodotto\/tester-provamolle-mod-2019\/\",\"url\":\"https:\/\/attrezzature.andreanigroup.com\/en\/prodotto\/tester-provamolle-mod-2019\/\",\"name\":\"TESTER PROVAMOLLE mod.2019 - Attrezzature Andreani\",\"isPartOf\":{\"@id\":\"https:\/\/attrezzature.andreanigroup.com\/en\/#website\"},\"primaryImageOfPage\":{\"@id\":\"https:\/\/attrezzature.andreanigroup.com\/en\/prodotto\/tester-provamolle-mod-2019\/#primaryimage\"},\"image\":{\"@id\":\"https:\/\/attrezzature.andreanigroup.com\/en\/prodotto\/tester-provamolle-mod-2019\/#primaryimage\"},\"thumbnailUrl\":\"https:\/\/attrezzature.andreanigroup.com\/wp-content\/uploads\/2026\/01\/04.U20.1002DS1-1.jpg\",\"datePublished\":\"2022-09-07T13:28:30+00:00\",\"dateModified\":\"2026-01-20T23:25:04+00:00\",\"breadcrumb\":{\"@id\":\"https:\/\/attrezzature.andreanigroup.com\/en\/prodotto\/tester-provamolle-mod-2019\/#breadcrumb\"},\"inLanguage\":\"en-US\",\"potentialAction\":[{\"@type\":\"ReadAction\",\"target\":[\"https:\/\/attrezzature.andreanigroup.com\/en\/prodotto\/tester-provamolle-mod-2019\/\"]}]},{\"@type\":\"ImageObject\",\"inLanguage\":\"en-US\",\"@id\":\"https:\/\/attrezzature.andreanigroup.com\/en\/prodotto\/tester-provamolle-mod-2019\/#primaryimage\",\"url\":\"https:\/\/attrezzature.andreanigroup.com\/wp-content\/uploads\/2026\/01\/04.U20.1002DS1-1.jpg\",\"contentUrl\":\"https:\/\/attrezzature.andreanigroup.com\/wp-content\/uploads\/2026\/01\/04.U20.1002DS1-1.jpg\",\"width\":960,\"height\":1442},{\"@type\":\"BreadcrumbList\",\"@id\":\"https:\/\/attrezzature.andreanigroup.com\/en\/prodotto\/tester-provamolle-mod-2019\/#breadcrumb\",\"itemListElement\":[{\"@type\":\"ListItem\",\"position\":1,\"name\":\"Home\",\"item\":\"https:\/\/attrezzature.andreanigroup.com\/en\/\"},{\"@type\":\"ListItem\",\"position\":2,\"name\":\"Shop\",\"item\":\"https:\/\/attrezzature.andreanigroup.com\/en\/shop\/\"},{\"@type\":\"ListItem\",\"position\":3,\"name\":\"TESTER PROVAMOLLE mod.2019 &#8211;\"}]},{\"@type\":\"WebSite\",\"@id\":\"https:\/\/attrezzature.andreanigroup.com\/en\/#website\",\"url\":\"https:\/\/attrezzature.andreanigroup.com\/en\/\",\"name\":\"Attrezzature Andreani\",\"description\":\"\",\"potentialAction\":[{\"@type\":\"SearchAction\",\"target\":{\"@type\":\"EntryPoint\",\"urlTemplate\":\"https:\/\/attrezzature.andreanigroup.com\/en\/?s={search_term_string}\"},\"query-input\":{\"@type\":\"PropertyValueSpecification\",\"valueRequired\":true,\"valueName\":\"search_term_string\"}}],\"inLanguage\":\"en-US\"}]}<\/script>\n<!-- \/ Yoast SEO plugin. -->","yoast_head_json":{"title":"TESTER PROVAMOLLE mod.2019 - Attrezzature Andreani","robots":{"index":"index","follow":"follow","max-snippet":"max-snippet:-1","max-image-preview":"max-image-preview:large","max-video-preview":"max-video-preview:-1"},"canonical":"https:\/\/attrezzature.andreanigroup.com\/en\/prodotto\/tester-provamolle-mod-2019\/","og_locale":"en_US","og_type":"article","og_title":"TESTER PROVAMOLLE mod.2019 - Attrezzature Andreani","og_description":"Tra i \u201cmust have\u201d di qualsiasi officina, il DS1 \u00e8 un tool indispensabile per misurare la spinta elastica o statica sprigionata dalle sospensioni o dai singoli componenti in esse presenti. Utilizzando questo macchinario, l\u2019utente non sar\u00e0 semplicemente in grado di determinare il carico (K) di una molla, ma avr\u00e0 a disposizione una lettura precisa della [&hellip;]","og_url":"https:\/\/attrezzature.andreanigroup.com\/en\/prodotto\/tester-provamolle-mod-2019\/","og_site_name":"Attrezzature Andreani","article_modified_time":"2026-01-20T23:25:04+00:00","og_image":[{"width":960,"height":1442,"url":"https:\/\/attrezzature.andreanigroup.com\/wp-content\/uploads\/2024\/07\/04.U20.1002DS1-1.jpg","type":"image\/jpeg"}],"twitter_card":"summary_large_image","twitter_misc":{"Est. reading time":"1 minute"},"schema":{"@context":"https:\/\/schema.org","@graph":[{"@type":"WebPage","@id":"https:\/\/attrezzature.andreanigroup.com\/en\/prodotto\/tester-provamolle-mod-2019\/","url":"https:\/\/attrezzature.andreanigroup.com\/en\/prodotto\/tester-provamolle-mod-2019\/","name":"TESTER PROVAMOLLE mod.2019 - Attrezzature Andreani","isPartOf":{"@id":"https:\/\/attrezzature.andreanigroup.com\/en\/#website"},"primaryImageOfPage":{"@id":"https:\/\/attrezzature.andreanigroup.com\/en\/prodotto\/tester-provamolle-mod-2019\/#primaryimage"},"image":{"@id":"https:\/\/attrezzature.andreanigroup.com\/en\/prodotto\/tester-provamolle-mod-2019\/#primaryimage"},"thumbnailUrl":"https:\/\/attrezzature.andreanigroup.com\/wp-content\/uploads\/2026\/01\/04.U20.1002DS1-1.jpg","datePublished":"2022-09-07T13:28:30+00:00","dateModified":"2026-01-20T23:25:04+00:00","breadcrumb":{"@id":"https:\/\/attrezzature.andreanigroup.com\/en\/prodotto\/tester-provamolle-mod-2019\/#breadcrumb"},"inLanguage":"en-US","potentialAction":[{"@type":"ReadAction","target":["https:\/\/attrezzature.andreanigroup.com\/en\/prodotto\/tester-provamolle-mod-2019\/"]}]},{"@type":"ImageObject","inLanguage":"en-US","@id":"https:\/\/attrezzature.andreanigroup.com\/en\/prodotto\/tester-provamolle-mod-2019\/#primaryimage","url":"https:\/\/attrezzature.andreanigroup.com\/wp-content\/uploads\/2026\/01\/04.U20.1002DS1-1.jpg","contentUrl":"https:\/\/attrezzature.andreanigroup.com\/wp-content\/uploads\/2026\/01\/04.U20.1002DS1-1.jpg","width":960,"height":1442},{"@type":"BreadcrumbList","@id":"https:\/\/attrezzature.andreanigroup.com\/en\/prodotto\/tester-provamolle-mod-2019\/#breadcrumb","itemListElement":[{"@type":"ListItem","position":1,"name":"Home","item":"https:\/\/attrezzature.andreanigroup.com\/en\/"},{"@type":"ListItem","position":2,"name":"Shop","item":"https:\/\/attrezzature.andreanigroup.com\/en\/shop\/"},{"@type":"ListItem","position":3,"name":"TESTER PROVAMOLLE mod.2019 &#8211;"}]},{"@type":"WebSite","@id":"https:\/\/attrezzature.andreanigroup.com\/en\/#website","url":"https:\/\/attrezzature.andreanigroup.com\/en\/","name":"Attrezzature Andreani","description":"","potentialAction":[{"@type":"SearchAction","target":{"@type":"EntryPoint","urlTemplate":"https:\/\/attrezzature.andreanigroup.com\/en\/?s={search_term_string}"},"query-input":{"@type":"PropertyValueSpecification","valueRequired":true,"valueName":"search_term_string"}}],"inLanguage":"en-US"}]}},"_links":{"self":[{"href":"https:\/\/attrezzature.andreanigroup.com\/en\/wp-json\/wp\/v2\/product\/5449","targetHints":{"allow":["GET"]}}],"collection":[{"href":"https:\/\/attrezzature.andreanigroup.com\/en\/wp-json\/wp\/v2\/product"}],"about":[{"href":"https:\/\/attrezzature.andreanigroup.com\/en\/wp-json\/wp\/v2\/types\/product"}],"wp:featuredmedia":[{"embeddable":true,"href":"https:\/\/attrezzature.andreanigroup.com\/en\/wp-json\/wp\/v2\/media\/25214"}],"wp:attachment":[{"href":"https:\/\/attrezzature.andreanigroup.com\/en\/wp-json\/wp\/v2\/media?parent=5449"}],"wp:term":[{"taxonomy":"product_brand","embeddable":true,"href":"https:\/\/attrezzature.andreanigroup.com\/en\/wp-json\/wp\/v2\/product_brand?post=5449"},{"taxonomy":"product_cat","embeddable":true,"href":"https:\/\/attrezzature.andreanigroup.com\/en\/wp-json\/wp\/v2\/product_cat?post=5449"},{"taxonomy":"product_tag","embeddable":true,"href":"https:\/\/attrezzature.andreanigroup.com\/en\/wp-json\/wp\/v2\/product_tag?post=5449"}],"curies":[{"name":"wp","href":"https:\/\/api.w.org\/{rel}","templated":true}]}}