{"id":21082,"date":"2024-07-23T10:22:52","date_gmt":"2024-07-23T08:22:52","guid":{"rendered":"https:\/\/attrezzature.andreanigroup.com\/prodotto\/vacuum-pump-sp5-plus-220v\/"},"modified":"2024-07-24T00:20:07","modified_gmt":"2024-07-23T22:20:07","slug":"vacuum-pump-sp5-plus-220v","status":"publish","type":"product","link":"https:\/\/attrezzature.andreanigroup.com\/en\/prodotto\/vacuum-pump-sp5-plus-220v\/","title":{"rendered":"Vacuum Pump SP5 PLUS &#8211; 220v &#8211;"},"content":{"rendered":"<div><font face=\"Arial\" color=\"#1F1F1F\">La nuova SP5 Plus \u00e8 la macchina pi\u00f9 avanzata della gamma Andreani per lo spurgo di ammortizzatori e cartucce. Grazie alle sue nuove funzionalit\u00e0 e caratteristiche, offre un&#8217;esperienza di lavoro pi\u00f9 efficiente, versatile e facile da usare.<\/font><\/div>\n<div><font face=\"Arial\" color=\"#1F1F1F\">Vantaggi principali:<\/font><\/div>\n<ul>\n<ul>\n<li><font face=\"Arial\" color=\"#1F1F1F\"><strong>Nuova modalit\u00e0 Spurgo Multiplo<\/strong>: consente di connettere due ammortizzatori o cartucce insieme, aumentando la produttivit\u00e0.<\/font><font color=\"#1F1F1F\"> <\/font><\/li>\n<li><font face=\"Arial\" color=\"#1F1F1F\"><strong>Nuova Interfaccia grafica: <\/strong>permette un uso facile e intuitivo anche per i meno esperti.<\/font><font color=\"#1F1F1F\"> <\/font><\/li>\n<li><font face=\"Arial\" color=\"#1F1F1F\"><strong>Capacit\u00e0 di carico olio incrementata<\/strong>: a 7 litri, per garantire una maggiore autonomia e versatilit\u00e0.<\/font><font color=\"#1F1F1F\"> <\/font><\/li>\n<li><font face=\"Arial\" color=\"#1F1F1F\"><strong>Processo di spurgo automatico e ottimizzato<\/strong>: sono stati creati dei programmi dedicati per tutte le tipologie di sospensione e di applicazione.<\/font><font color=\"#1F1F1F\"> <\/font><\/li>\n<li><font face=\"Arial\" color=\"#1F1F1F\"><strong>Archivio Programmi personalizzati<\/strong>: possibilit\u00e0 di creare fino a <\/font><font face=\"Arial\" color=\"black\">9<\/font><font face=\"Arial\" color=\"#1F1F1F\"> programmi con Tempi e Pressioni differenti.<\/font><font color=\"#1F1F1F\"> <\/font><\/li>\n<\/ul>\n<\/ul>\n<div><font face=\"Arial\" color=\"#1F1F1F\"><strong>Regolazione automatica dell\u2019altitudine<\/strong>: per operare in ogni condizione.<\/font><font color=\"#1F1F1F\"> <\/font><\/div>\n","protected":false},"excerpt":{"rendered":"<p>La nuova SP5 Plus \u00e8 la macchina pi\u00f9 avanzata della gamma Andreani per lo spurgo di ammortizzatori e cartucce. Grazie alle sue nuove funzionalit\u00e0 e caratteristiche, offre un&#8217;esperienza di lavoro pi\u00f9 efficiente, versatile e facile da usare. Vantaggi principali: Nuova modalit\u00e0 Spurgo Multiplo: consente di connettere due ammortizzatori o cartucce insieme, aumentando la produttivit\u00e0. Nuova [&hellip;]<\/p>\n","protected":false},"featured_media":21102,"template":"","meta":{"_acf_changed":false},"product_brand":[],"product_cat":[],"product_tag":[],"class_list":{"0":"post-21082","1":"product","2":"type-product","3":"status-publish","4":"has-post-thumbnail","7":"first","8":"instock","9":"taxable","10":"shipping-taxable","11":"purchasable","12":"product-type-simple"},"acf":[],"yoast_head":"<!-- This site is optimized with the Yoast SEO plugin v27.0 - https:\/\/yoast.com\/product\/yoast-seo-wordpress\/ -->\n<title>Vacuum Pump SP5 PLUS - 220v - Attrezzature Andreani<\/title>\n<meta name=\"robots\" content=\"index, follow, max-snippet:-1, max-image-preview:large, max-video-preview:-1\" \/>\n<link rel=\"canonical\" href=\"https:\/\/attrezzature.andreanigroup.com\/en\/prodotto\/vacuum-pump-sp5-plus-220v\/\" \/>\n<meta property=\"og:locale\" content=\"en_US\" \/>\n<meta property=\"og:type\" content=\"article\" \/>\n<meta property=\"og:title\" content=\"Vacuum Pump SP5 PLUS - 220v - Attrezzature Andreani\" \/>\n<meta property=\"og:description\" content=\"La nuova SP5 Plus \u00e8 la macchina pi\u00f9 avanzata della gamma Andreani per lo spurgo di ammortizzatori e cartucce. Grazie alle sue nuove funzionalit\u00e0 e caratteristiche, offre un&#8217;esperienza di lavoro pi\u00f9 efficiente, versatile e facile da usare. Vantaggi principali: Nuova modalit\u00e0 Spurgo Multiplo: consente di connettere due ammortizzatori o cartucce insieme, aumentando la produttivit\u00e0. Nuova [&hellip;]\" \/>\n<meta property=\"og:url\" content=\"https:\/\/attrezzature.andreanigroup.com\/en\/prodotto\/vacuum-pump-sp5-plus-220v\/\" \/>\n<meta property=\"og:site_name\" content=\"Attrezzature Andreani\" \/>\n<meta property=\"article:modified_time\" content=\"2024-07-23T22:20:07+00:00\" \/>\n<meta property=\"og:image\" content=\"https:\/\/attrezzature.andreanigroup.com\/wp-content\/uploads\/2022\/09\/SP5.jpg\" \/>\n\t<meta property=\"og:image:width\" content=\"1701\" \/>\n\t<meta property=\"og:image:height\" content=\"2153\" \/>\n\t<meta property=\"og:image:type\" content=\"image\/jpeg\" \/>\n<meta name=\"twitter:card\" content=\"summary_large_image\" \/>\n<meta name=\"twitter:label1\" content=\"Est. reading time\" \/>\n\t<meta name=\"twitter:data1\" content=\"1 minute\" \/>\n<script type=\"application\/ld+json\" class=\"yoast-schema-graph\">{\"@context\":\"https:\/\/schema.org\",\"@graph\":[{\"@type\":\"WebPage\",\"@id\":\"https:\/\/attrezzature.andreanigroup.com\/en\/prodotto\/vacuum-pump-sp5-plus-220v\/\",\"url\":\"https:\/\/attrezzature.andreanigroup.com\/en\/prodotto\/vacuum-pump-sp5-plus-220v\/\",\"name\":\"Vacuum Pump SP5 PLUS - 220v - Attrezzature Andreani\",\"isPartOf\":{\"@id\":\"https:\/\/attrezzature.andreanigroup.com\/en\/#website\"},\"primaryImageOfPage\":{\"@id\":\"https:\/\/attrezzature.andreanigroup.com\/en\/prodotto\/vacuum-pump-sp5-plus-220v\/#primaryimage\"},\"image\":{\"@id\":\"https:\/\/attrezzature.andreanigroup.com\/en\/prodotto\/vacuum-pump-sp5-plus-220v\/#primaryimage\"},\"thumbnailUrl\":\"https:\/\/attrezzature.andreanigroup.com\/wp-content\/uploads\/2024\/07\/1001_SP5220+SP5.jpg\",\"datePublished\":\"2024-07-23T08:22:52+00:00\",\"dateModified\":\"2024-07-23T22:20:07+00:00\",\"breadcrumb\":{\"@id\":\"https:\/\/attrezzature.andreanigroup.com\/en\/prodotto\/vacuum-pump-sp5-plus-220v\/#breadcrumb\"},\"inLanguage\":\"en-US\",\"potentialAction\":[{\"@type\":\"ReadAction\",\"target\":[\"https:\/\/attrezzature.andreanigroup.com\/en\/prodotto\/vacuum-pump-sp5-plus-220v\/\"]}]},{\"@type\":\"ImageObject\",\"inLanguage\":\"en-US\",\"@id\":\"https:\/\/attrezzature.andreanigroup.com\/en\/prodotto\/vacuum-pump-sp5-plus-220v\/#primaryimage\",\"url\":\"https:\/\/attrezzature.andreanigroup.com\/wp-content\/uploads\/2024\/07\/1001_SP5220+SP5.jpg\",\"contentUrl\":\"https:\/\/attrezzature.andreanigroup.com\/wp-content\/uploads\/2024\/07\/1001_SP5220+SP5.jpg\",\"width\":1624,\"height\":2055},{\"@type\":\"BreadcrumbList\",\"@id\":\"https:\/\/attrezzature.andreanigroup.com\/en\/prodotto\/vacuum-pump-sp5-plus-220v\/#breadcrumb\",\"itemListElement\":[{\"@type\":\"ListItem\",\"position\":1,\"name\":\"Home\",\"item\":\"https:\/\/attrezzature.andreanigroup.com\/en\/\"},{\"@type\":\"ListItem\",\"position\":2,\"name\":\"Shop\",\"item\":\"https:\/\/attrezzature.andreanigroup.com\/en\/shop\/\"},{\"@type\":\"ListItem\",\"position\":3,\"name\":\"Vacuum Pump SP5 PLUS &#8211; 220v &#8211;\"}]},{\"@type\":\"WebSite\",\"@id\":\"https:\/\/attrezzature.andreanigroup.com\/en\/#website\",\"url\":\"https:\/\/attrezzature.andreanigroup.com\/en\/\",\"name\":\"Attrezzature Andreani\",\"description\":\"\",\"potentialAction\":[{\"@type\":\"SearchAction\",\"target\":{\"@type\":\"EntryPoint\",\"urlTemplate\":\"https:\/\/attrezzature.andreanigroup.com\/en\/?s={search_term_string}\"},\"query-input\":{\"@type\":\"PropertyValueSpecification\",\"valueRequired\":true,\"valueName\":\"search_term_string\"}}],\"inLanguage\":\"en-US\"}]}<\/script>\n<!-- \/ Yoast SEO plugin. -->","yoast_head_json":{"title":"Vacuum Pump SP5 PLUS - 220v - Attrezzature Andreani","robots":{"index":"index","follow":"follow","max-snippet":"max-snippet:-1","max-image-preview":"max-image-preview:large","max-video-preview":"max-video-preview:-1"},"canonical":"https:\/\/attrezzature.andreanigroup.com\/en\/prodotto\/vacuum-pump-sp5-plus-220v\/","og_locale":"en_US","og_type":"article","og_title":"Vacuum Pump SP5 PLUS - 220v - Attrezzature Andreani","og_description":"La nuova SP5 Plus \u00e8 la macchina pi\u00f9 avanzata della gamma Andreani per lo spurgo di ammortizzatori e cartucce. Grazie alle sue nuove funzionalit\u00e0 e caratteristiche, offre un&#8217;esperienza di lavoro pi\u00f9 efficiente, versatile e facile da usare. Vantaggi principali: Nuova modalit\u00e0 Spurgo Multiplo: consente di connettere due ammortizzatori o cartucce insieme, aumentando la produttivit\u00e0. Nuova [&hellip;]","og_url":"https:\/\/attrezzature.andreanigroup.com\/en\/prodotto\/vacuum-pump-sp5-plus-220v\/","og_site_name":"Attrezzature Andreani","article_modified_time":"2024-07-23T22:20:07+00:00","og_image":[{"width":1701,"height":2153,"url":"https:\/\/attrezzature.andreanigroup.com\/wp-content\/uploads\/2022\/09\/SP5.jpg","type":"image\/jpeg"}],"twitter_card":"summary_large_image","twitter_misc":{"Est. reading time":"1 minute"},"schema":{"@context":"https:\/\/schema.org","@graph":[{"@type":"WebPage","@id":"https:\/\/attrezzature.andreanigroup.com\/en\/prodotto\/vacuum-pump-sp5-plus-220v\/","url":"https:\/\/attrezzature.andreanigroup.com\/en\/prodotto\/vacuum-pump-sp5-plus-220v\/","name":"Vacuum Pump SP5 PLUS - 220v - Attrezzature Andreani","isPartOf":{"@id":"https:\/\/attrezzature.andreanigroup.com\/en\/#website"},"primaryImageOfPage":{"@id":"https:\/\/attrezzature.andreanigroup.com\/en\/prodotto\/vacuum-pump-sp5-plus-220v\/#primaryimage"},"image":{"@id":"https:\/\/attrezzature.andreanigroup.com\/en\/prodotto\/vacuum-pump-sp5-plus-220v\/#primaryimage"},"thumbnailUrl":"https:\/\/attrezzature.andreanigroup.com\/wp-content\/uploads\/2024\/07\/1001_SP5220+SP5.jpg","datePublished":"2024-07-23T08:22:52+00:00","dateModified":"2024-07-23T22:20:07+00:00","breadcrumb":{"@id":"https:\/\/attrezzature.andreanigroup.com\/en\/prodotto\/vacuum-pump-sp5-plus-220v\/#breadcrumb"},"inLanguage":"en-US","potentialAction":[{"@type":"ReadAction","target":["https:\/\/attrezzature.andreanigroup.com\/en\/prodotto\/vacuum-pump-sp5-plus-220v\/"]}]},{"@type":"ImageObject","inLanguage":"en-US","@id":"https:\/\/attrezzature.andreanigroup.com\/en\/prodotto\/vacuum-pump-sp5-plus-220v\/#primaryimage","url":"https:\/\/attrezzature.andreanigroup.com\/wp-content\/uploads\/2024\/07\/1001_SP5220+SP5.jpg","contentUrl":"https:\/\/attrezzature.andreanigroup.com\/wp-content\/uploads\/2024\/07\/1001_SP5220+SP5.jpg","width":1624,"height":2055},{"@type":"BreadcrumbList","@id":"https:\/\/attrezzature.andreanigroup.com\/en\/prodotto\/vacuum-pump-sp5-plus-220v\/#breadcrumb","itemListElement":[{"@type":"ListItem","position":1,"name":"Home","item":"https:\/\/attrezzature.andreanigroup.com\/en\/"},{"@type":"ListItem","position":2,"name":"Shop","item":"https:\/\/attrezzature.andreanigroup.com\/en\/shop\/"},{"@type":"ListItem","position":3,"name":"Vacuum Pump SP5 PLUS &#8211; 220v &#8211;"}]},{"@type":"WebSite","@id":"https:\/\/attrezzature.andreanigroup.com\/en\/#website","url":"https:\/\/attrezzature.andreanigroup.com\/en\/","name":"Attrezzature Andreani","description":"","potentialAction":[{"@type":"SearchAction","target":{"@type":"EntryPoint","urlTemplate":"https:\/\/attrezzature.andreanigroup.com\/en\/?s={search_term_string}"},"query-input":{"@type":"PropertyValueSpecification","valueRequired":true,"valueName":"search_term_string"}}],"inLanguage":"en-US"}]}},"_links":{"self":[{"href":"https:\/\/attrezzature.andreanigroup.com\/en\/wp-json\/wp\/v2\/product\/21082","targetHints":{"allow":["GET"]}}],"collection":[{"href":"https:\/\/attrezzature.andreanigroup.com\/en\/wp-json\/wp\/v2\/product"}],"about":[{"href":"https:\/\/attrezzature.andreanigroup.com\/en\/wp-json\/wp\/v2\/types\/product"}],"wp:featuredmedia":[{"embeddable":true,"href":"https:\/\/attrezzature.andreanigroup.com\/en\/wp-json\/wp\/v2\/media\/21102"}],"wp:attachment":[{"href":"https:\/\/attrezzature.andreanigroup.com\/en\/wp-json\/wp\/v2\/media?parent=21082"}],"wp:term":[{"taxonomy":"product_brand","embeddable":true,"href":"https:\/\/attrezzature.andreanigroup.com\/en\/wp-json\/wp\/v2\/product_brand?post=21082"},{"taxonomy":"product_cat","embeddable":true,"href":"https:\/\/attrezzature.andreanigroup.com\/en\/wp-json\/wp\/v2\/product_cat?post=21082"},{"taxonomy":"product_tag","embeddable":true,"href":"https:\/\/attrezzature.andreanigroup.com\/en\/wp-json\/wp\/v2\/product_tag?post=21082"}],"curies":[{"name":"wp","href":"https:\/\/api.w.org\/{rel}","templated":true}]}}